{"id":967,"date":"2013-01-15T23:09:42","date_gmt":"2013-01-15T21:09:42","guid":{"rendered":"http:\/\/lautloseflucht-derfilm.de\/wp\/?page_id=967"},"modified":"2016-02-27T22:01:56","modified_gmt":"2016-02-27T20:01:56","slug":"stargaeste","status":"publish","type":"page","link":"http:\/\/lautloseflucht-derfilm.de\/wp\/filmcrew\/stargaeste\/","title":{"rendered":"Stargaeste"},"content":{"rendered":"<table class=\"wp-caption\" style=\"width: 736px; height: 970px;\" border=\"0\">\n<tbody>\n<tr>\n<td colspan=\"3\">\n<hr \/>\n<\/td>\n<\/tr>\n<tr>\n<td style=\"text-align: center;\"><\/td>\n<td style=\"text-align: center;\">\n<h3>Jenny Elvers-Elbertzhagen<\/h3>\n<\/td>\n<td style=\"text-align: center;\"><\/td>\n<\/tr>\n<tr>\n<td style=\"text-align: center;\">\n<p><div style=\"width: 177px\" class=\"wp-caption aligncenter\"><img loading=\"lazy\" decoding=\"async\" class=\" \" title=\"Jenny Elvers-Elbertzhagen\" src=\"http:\/\/lautloseflucht-derfilm.de\/wp\/wp-content\/uploads\/2012\/12\/Jenns-Elvers-Elbershagen2.jpg\" alt=\"Jenns Elvers Elbershagen\" width=\"167\" height=\"152\" \/><p class=\"wp-caption-text\"><span style=\"color: #333333;\">Jenny Elvers-Elbertzhagen<\/span><\/p><\/div><\/td>\n<td style=\"text-align: center;\"><span style=\"font-size: small;\">Jenny Elvers-Elbertzhagen (* 11. Mai 1972 in Amelinghausen als Jenny Elvers) ist eine deutsche Schauspielerin und Moderatorin.<\/span><\/p>\n<h5 style=\"text-align: center;\"><span style=\"font-size: small;\">\u2026 mehr siehe.<a href=\"http:\/\/www.jennyelvers.de\/index.htm\"><span style=\"color: #ffb413;\"><span style=\"color: #ffb413;\"> http:\/\/www.jennyelvers.de\/<\/span><\/span><\/a><\/span><\/h5>\n<\/td>\n<td style=\"text-align: center;\"><\/td>\n<\/tr>\n<tr>\n<td colspan=\"3\">\n<hr \/>\n<\/td>\n<\/tr>\n<tr>\n<td><\/td>\n<td>\n<h3 style=\"text-align: center;\">Wolff von Lindenau<\/h3>\n<\/td>\n<td><\/td>\n<\/tr>\n<tr>\n<td style=\"text-align: center;\">\n<p><div style=\"width: 176px\" class=\"wp-caption aligncenter\"><img loading=\"lazy\" decoding=\"async\" class=\" \" src=\"http:\/\/lautloseflucht-derfilm.de\/wp\/wp-content\/uploads\/2012\/12\/Wolff-von-Lindenau.jpg\" alt=\"Wolff-von-Lindenau\" width=\"166\" height=\"185\" \/><p class=\"wp-caption-text\"><span style=\"color: #333333;\">Wolff-von-Lindenau<\/span><\/p><\/div><\/td>\n<td style=\"text-align: center;\"><span style=\"font-size: small;\">..erhielt seine Schauspielausbildung in Basel und war anschlie\u00dfend 5 Jahre am Stadttheater Heilbronn engagiert. Dort spielte er eine Vielzahl gro\u00dfer Rollen.Ferner arbeitet er f\u00fcr Film und Fernsehen, darunter f\u00fcr den Hessischen Rundfunk mehrfach im \u201eTatort\u201c. Als erfahrener Synchronsprecher leiht er seine Stimme vielen ausl\u00e4ndischen Schauspielern.<\/span><\/p>\n<h5><span style=\"font-size: small;\">\u2026 mehr siehe <span style=\"color: #ffb413;\"><a href=\"http:\/\/www.wolffvonlindenau.de\/\"><span style=\"color: #ffb413;\">http:\/\/www.wolffvonlindenau.de<\/span><\/a><\/span><\/span><\/h5>\n<\/td>\n<td style=\"text-align: center;\"><\/td>\n<\/tr>\n<tr>\n<td style=\"text-align: center;\" colspan=\"3\">\n<hr \/>\n<\/td>\n<\/tr>\n<tr>\n<td style=\"text-align: center;\"><\/td>\n<td style=\"text-align: center;\">\n<h3>John J. Maucere (USA)<\/h3>\n<\/td>\n<td style=\"text-align: center;\"><\/td>\n<\/tr>\n<tr>\n<td style=\"text-align: center;\">\n<p><div id=\"attachment_267\" style=\"width: 190px\" class=\"wp-caption aligncenter\"><img loading=\"lazy\" decoding=\"async\" aria-describedby=\"caption-attachment-267\" class=\"size-full wp-image-267 \" src=\"http:\/\/lautloseflucht-derfilm.de\/wp\/wp-content\/uploads\/2012\/12\/John-Maucere.jpg\" alt=\"John Maucere\" width=\"180\" height=\"173\" \/><p id=\"caption-attachment-267\" class=\"wp-caption-text\"><span style=\"color: #333333;\">John Maucere<\/span><\/p><\/div><\/td>\n<td style=\"text-align: center;\">\n<h5 style=\"text-align: center;\"><span style=\"font-size: small;\">John Maucere, ein erfahrener internationaler K\u00fcnstler, absolvierte California School for the Deaf, Riverside und besuchte Gallaudet .<\/span><\/h5>\n<h5 style=\"text-align: center;\"><span style=\"font-size: small;\">\u2026 mehr siehe <span style=\"color: #ffb413;\"><a href=\"http:\/\/www.johnmaucere.com\/\"><span style=\"color: #ffb413;\">http:\/\/www.johnmaucere.com<\/span><\/a><\/span><\/span><\/h5>\n<\/td>\n<td style=\"text-align: center;\"><\/td>\n<\/tr>\n<tr>\n<td colspan=\"3\">\n<hr \/>\n<\/td>\n<\/tr>\n<tr>\n<td><\/td>\n<td><\/td>\n<td><\/td>\n<\/tr>\n<\/tbody>\n<\/table>\n<p>&nbsp;<\/p>\n<p>&nbsp;<\/p>\n<div class=\"facebook-like\"><fb:like layout=\"standard\" show_faces=\"true\" href=\"http:\/\/lautloseflucht-derfilm.de\/wp\/filmcrew\/stargaeste\/\"><\/fb:like><\/div>","protected":false},"excerpt":{"rendered":"<p>Jenny Elvers-Elbertzhagen Jenny Elvers-Elbertzhagen (* 11. Mai 1972 in Amelinghausen als Jenny Elvers) ist eine deutsche Schauspielerin und Moderatorin. \u2026 mehr siehe. http:\/\/www.jennyelvers.de\/ Wolff von Lindenau ..erhielt seine Schauspielausbildung in Basel und war anschlie\u00dfend 5 Jahre am Stadttheater Heilbronn engagiert. [&hellip;] <a class=\"more-link\" href=\"http:\/\/lautloseflucht-derfilm.de\/wp\/filmcrew\/stargaeste\/\">Kompletten Beitrag lesen&#8230;<\/a><\/p>\n","protected":false},"author":1,"featured_media":0,"parent":1473,"menu_order":2,"comment_status":"closed","ping_status":"closed","template":"","meta":{"footnotes":""},"class_list":["post-967","page","type-page","status-publish","hentry","uentry","postonpage-1","odd","post-author-web193"],"_links":{"self":[{"href":"http:\/\/lautloseflucht-derfilm.de\/wp\/wp-json\/wp\/v2\/pages\/967","targetHints":{"allow":["GET"]}}],"collection":[{"href":"http:\/\/lautloseflucht-derfilm.de\/wp\/wp-json\/wp\/v2\/pages"}],"about":[{"href":"http:\/\/lautloseflucht-derfilm.de\/wp\/wp-json\/wp\/v2\/types\/page"}],"author":[{"embeddable":true,"href":"http:\/\/lautloseflucht-derfilm.de\/wp\/wp-json\/wp\/v2\/users\/1"}],"replies":[{"embeddable":true,"href":"http:\/\/lautloseflucht-derfilm.de\/wp\/wp-json\/wp\/v2\/comments?post=967"}],"version-history":[{"count":202,"href":"http:\/\/lautloseflucht-derfilm.de\/wp\/wp-json\/wp\/v2\/pages\/967\/revisions"}],"predecessor-version":[{"id":10637,"href":"http:\/\/lautloseflucht-derfilm.de\/wp\/wp-json\/wp\/v2\/pages\/967\/revisions\/10637"}],"up":[{"embeddable":true,"href":"http:\/\/lautloseflucht-derfilm.de\/wp\/wp-json\/wp\/v2\/pages\/1473"}],"wp:attachment":[{"href":"http:\/\/lautloseflucht-derfilm.de\/wp\/wp-json\/wp\/v2\/media?parent=967"}],"curies":[{"name":"wp","href":"https:\/\/api.w.org\/{rel}","templated":true}]}}