{"id":11686,"date":"2017-04-07T18:27:21","date_gmt":"2017-04-07T16:27:21","guid":{"rendered":"http:\/\/lautloseflucht-derfilm.de\/wp\/?page_id=11686"},"modified":"2018-04-05T20:25:34","modified_gmt":"2018-04-05T18:25:34","slug":"18-11-2017-muenchen","status":"publish","type":"page","link":"http:\/\/lautloseflucht-derfilm.de\/wp\/kinotour\/18-11-2017-muenchen\/","title":{"rendered":"18.Nov. 2017  in M\u00fcnchen"},"content":{"rendered":"<table style=\"background-color: #000000; height: 1725px;\" border=\"0\" width=\"1160\">\n<tbody>\n<tr>\n<td style=\"text-align: center;\"><sub>\u00b4<\/sub><span style=\"font-family: arial,helvetica,sans-serif;\"><span style=\"font-size: 12pt; color: #ffffff;\"><sub>LAUTLOSE FLUCHT Dramafilm (Deutschland 2013) Gro\u00dfer Erfolg bei der<span style=\"font-size: 14pt;\"><a href=\"http:\/\/lautloseflucht-derfilm.de\/wp\/kino-premiere-2\/\"> <span style=\"color: #ff0000;\"><strong>Kino-Premiere<\/strong> <\/span><\/a><\/span><\/sub><\/span><span style=\"font-size: 12pt; color: #ffffff;\"><sub>meines Dramafilms \u201cLAUTLOSE FLUCHT -the last deaf-\u201d.Filmdauer 130 Min. <\/sub><\/span><span style=\"font-size: 12pt; color: #ffffff;\"><sub>Sprache: Deutsch, Deutsche Geb\u00e4rdensprache, <\/sub><\/span><\/span><span style=\"font-family: arial,helvetica,sans-serif;\"><span style=\"font-size: 12pt; color: #ffffff;\"><sub>mit Tonfassun<\/sub><\/span><span style=\"font-size: 12pt; color: #ffffff;\"><sub>g,<\/sub><\/span><span style=\"font-size: 8pt;\"><span style=\"font-size: 12pt; color: #ffffff;\"><sub>Musik und Untertitel Deutsch<\/sub><\/span><\/span><\/span><br \/>\n<sub><span style=\"font-size: 8pt;\"><a href=\"http:\/\/lautloseflucht-derfilm.de\/wp\/wp-content\/uploads\/2012\/12\/Digital-Dolby.jpg\"><br \/>\n<\/a><\/span><\/sub><\/p>\n<table style=\"height: 77px;\" width=\"1141\">\n<tbody>\n<tr>\n<td><a href=\"http:\/\/lautloseflucht-derfilm.de\/wp\/wp-content\/uploads\/2012\/12\/Digital-Dolby.jpg\"><img loading=\"lazy\" decoding=\"async\" class=\"wp-image-9438 aligncenter\" src=\"http:\/\/lautloseflucht-derfilm.de\/wp\/wp-content\/uploads\/2012\/12\/Digital-Dolby-300x92.jpg\" alt=\"Digital Dolby\" width=\"170\" height=\"52\" srcset=\"http:\/\/lautloseflucht-derfilm.de\/wp\/wp-content\/uploads\/2012\/12\/Digital-Dolby-300x92.jpg 300w, http:\/\/lautloseflucht-derfilm.de\/wp\/wp-content\/uploads\/2012\/12\/Digital-Dolby.jpg 394w\" sizes=\"auto, (max-width: 170px) 100vw, 170px\" \/><\/a><\/td>\n<td style=\"text-align: right;\"><a href=\"http:\/\/lautloseflucht-derfilm.de\/wp\/wp-content\/uploads\/2012\/12\/Breitbild11.jpg\"><img loading=\"lazy\" decoding=\"async\" class=\"wp-image-9437 aligncenter\" src=\"http:\/\/lautloseflucht-derfilm.de\/wp\/wp-content\/uploads\/2012\/12\/Breitbild11.jpg\" alt=\"Breitbild1\" width=\"142\" height=\"60\" \/><\/a><\/td>\n<\/tr>\n<\/tbody>\n<\/table>\n<p><span style=\"font-size: 36px; font-family: helvetica,arial,sans-serif; color: #ffffff;\"><strong>M\u00fcnchen 18.11.2017<\/strong><\/span><\/p>\n<p><span style=\"font-family: arial,helvetica,sans-serif; color: #ffffff; font-size: 24px;\"><strong>KINO <\/strong><\/span><span style=\"font-family: arial,helvetica,sans-serif; color: #ffffff; font-size: 24px;\"><strong>Neues Rottmann\u00a0\u00a0\u00a0\u00a0 <\/strong>Rottmannstr. 15\u00a0\u00a0\u00a0\u00a0\u00a0\u00a0\u00a0 80333 M\u00fcnchen<\/span><\/p>\n<p><span style=\"font-family: arial,helvetica,sans-serif; color: #ffffff; font-size: 20px;\">http:\/\/web.neuesrottmann.de\/<\/span><\/p>\n<p><a href=\"http:\/\/lautloseflucht-derfilm.de\/wp\/wp-content\/uploads\/2017\/04\/Kino-Rottmann-Muenchen-jpg.jpg\"><img loading=\"lazy\" decoding=\"async\" class=\"aligncenter size-full wp-image-11812\" src=\"http:\/\/lautloseflucht-derfilm.de\/wp\/wp-content\/uploads\/2017\/04\/Kino-Rottmann-Muenchen-jpg.jpg\" alt=\"\" width=\"700\" height=\"420\" srcset=\"http:\/\/lautloseflucht-derfilm.de\/wp\/wp-content\/uploads\/2017\/04\/Kino-Rottmann-Muenchen-jpg.jpg 700w, http:\/\/lautloseflucht-derfilm.de\/wp\/wp-content\/uploads\/2017\/04\/Kino-Rottmann-Muenchen-jpg-400x240.jpg 400w\" sizes=\"auto, (max-width: 700px) 100vw, 700px\" \/><\/a><\/p>\n<p><span style=\"font-family: arial,helvetica,sans-serif; font-size: 20px; color: #d1cdcd;\"><span style=\"font-size: 24px;\">\u00a0<iframe loading=\"lazy\" src=\"\/\/www.youtube.com\/embed\/Q9t0P5jYeLU\" width=\"700\" height=\"393\" allowfullscreen=\"allowfullscreen\"><\/iframe><\/span><\/span><\/td>\n<\/tr>\n<tr>\n<td style=\"text-align: left;\">\n<p><span style=\"font-family: arial,helvetica,sans-serif; font-size: 20px; color: #d1cdcd;\"><span style=\"font-size: 24px;\">\u00a0\u00a0\u00a0\u00a0\u00a0\u00a0 12:00 Uhr\u00a0\u00a0\u00a0\u00a0\u00a0\u00a0\u00a0 \u00d6ffnung <\/span><\/span> <span style=\"font-family: arial,helvetica,sans-serif; font-size: 24px; color: #d1cdcd;\"> \u00a0 \u00a0\u00a0 <\/span><\/p>\n<p><span style=\"font-family: arial,helvetica,sans-serif; font-size: 24px; color: #d1cdcd;\">\u00a0\u00a0\u00a0\u00a0\u00a0\u00a0 12:10 Uhr\u00a0\u00a0\u00a0\u00a0\u00a0\u00a0\u00a0 Einlass: Ticketverkauf und Ticketabholung\u00a0 <span style=\"font-size: 24px;\"><span style=\"font-family: arial,helvetica,sans-serif; color: #d1cdcd;\">Concessionverkauf <\/span><\/span><\/span> <span style=\"font-family: arial,helvetica,sans-serif; font-size: 24px; color: #d1cdcd;\"> \u00a0\u00a0\u00a0\u00a0 <\/span><\/p>\n<p><span style=\"font-family: arial,helvetica,sans-serif; font-size: 24px; color: #d1cdcd;\">\u00a0\u00a0\u00a0\u00a0\u00a0\u00a0 13:00 Uhr\u00a0\u00a0\u00a0 \u00a0 \u00a0 Anmoderation<\/span><span style=\"font-family: arial,helvetica,sans-serif; font-size: 24px; color: #d1cdcd;\"><br \/>\n<\/span><\/p>\n<p><span style=\"font-family: arial,helvetica,sans-serif; font-size: 24px; color: #d1cdcd;\">\u00a0\u00a0\u00a0\u00a0\u00a0\u00a0 13:10 Uhr\u00a0\u00a0\u00a0\u00a0\u00a0\u00a0\u00a0 Filmbeginn: Filmdauer 130.min.<\/span> <span style=\"font-family: arial,helvetica,sans-serif; font-size: 24px; color: #d1cdcd;\"> \u00a0\u00a0\u00a0\u00a0 <\/span><\/p>\n<p><span style=\"font-family: arial,helvetica,sans-serif; font-size: 24px; color: #d1cdcd;\">\u00a0\u00a0\u00a0\u00a0\u00a0\u00a0 15:30 Uhr\u00a0\u00a0\u00a0\u00a0\u00a0\u00a0\u00a0 Filmende + Diskussionsrunde + Autogrammstunde<\/span><span style=\"font-family: arial,helvetica,sans-serif; font-size: 24px; color: #d1cdcd;\">\u00a0\u00a0\u00a0\u00a0\u00a0\u00a0 <\/span> <span style=\"font-family: arial,helvetica,sans-serif; font-size: 24px; color: #d1cdcd;\"> \u00a0\u00a0\u00a0\u00a0 <\/span><\/p>\n<p><span style=\"font-family: arial,helvetica,sans-serif; font-size: 24px; color: #d1cdcd;\">\u00a0\u00a0\u00a0\u00a0\u00a0\u00a0 16:00Uhr\u00a0\u00a0\u00a0\u00a0\u00a0\u00a0 \u00a0 Ende der Veranstaltung<\/span><\/p>\n<p style=\"text-align: center;\">____________________________________________________________________________________________________<\/p>\n<\/td>\n<\/tr>\n<tr>\n<td style=\"text-align: left;\">\n<p style=\"text-align: center;\"><span style=\"color: #d1cdcd; font-family: arial,helvetica,sans-serif; font-size: 24px;\">Vorkasse 18,- \u20ac bis 13.11.2017 \u00a0\u00a0 Ab 14.11.2017 u.Tagekasse 20,-\u00a0\u00a0\u00a0 <\/span><\/p>\n<p style=\"text-align: center;\"><span style=\"color: #d1cdcd; font-family: arial,helvetica,sans-serif; font-size: 24px;\">Student 15.- \u20ac\u00a0\u00a0\u00a0\u00a0 <\/span><span style=\"color: #d1cdcd; font-family: arial,helvetica,sans-serif; font-size: 14px;\"><span style=\"text-decoration: underline;\">im Kino\u00a0Studierendenausweis vorlegen<\/span><\/span><\/p>\n<p style=\"text-align: center;\">_______________________________________________________<\/p>\n<\/td>\n<\/tr>\n<tr>\n<td style=\"text-align: center;\">\n<div id=\"c229\" class=\"csc-default csc-space-before-25\" style=\"text-align: center;\"><span style=\"font-size: 28px;\"><span style=\"color: #d1cdcd; font-family: arial,helvetica,sans-serif;\">Ticketbestellung:\u00a0\u00a0\u00a0 <\/span><a href=\"mailto:kinoticket@mainhattan-film.de\" target=\"_blank\" rel=\"noopener noreferrer\"><span style=\"color: #ff0000; font-family: arial,helvetica,sans-serif;\">kinoticket@mainhattan-film.de<\/span><\/a><\/span><\/div>\n<p><span style=\"color: #ff9900; font-size: 24px; font-family: arial,helvetica,sans-serif;\"><strong><span style=\"color: #ff0000;\">Fax: 06934058770<\/span><\/strong><\/span><\/p>\n<p style=\"text-align: center;\"><span style=\"color: #d1cdcd; font-size: 10pt; font-family: arial,helvetica,sans-serif;\">Bei Fragen, bitte an<\/span><span style=\"color: #d1cdcd; font-size: 10pt; font-family: arial,helvetica,sans-serif;\">\u00a0 <a style=\"color: #d1cdcd;\" href=\"mailto:sekretariat@mainhattan-film.de\">sekretariat@mainhattan-film.de\u00a0 <\/a><\/span><span style=\"color: #d1cdcd; font-size: 10pt; font-family: arial,helvetica,sans-serif;\">wenden<\/span><\/p>\n<p style=\"text-align: center;\"><span style=\"font-family: arial,helvetica,sans-serif; color: #d6d4d4; font-size: 24px;\">weiter sagen + weiter plaudern + weiter geb\u00e4rden.\u00a0 <\/span><span style=\"font-family: arial,helvetica,sans-serif; color: #d6d4d4; font-size: 24px;\">Wir w\u00fcrden uns auf Euer Kommen sehr freuen.<\/span><\/p>\n<p style=\"text-align: center;\"><span style=\"font-family: arial,helvetica,sans-serif; color: #d6d4d4; font-size: 24px;\">Sch\u00f6ne Gr\u00fc\u00dfe von Filmteam Frankfurt<\/span><\/p>\n<\/td>\n<\/tr>\n<tr>\n<td style=\"text-align: left;\">\u00a0<a href=\"http:\/\/lautloseflucht-derfilm.de\/wp\/wp-content\/uploads\/2012\/12\/Plakat_2015.jpg\"><img loading=\"lazy\" decoding=\"async\" class=\"aligncenter size-full wp-image-11555\" src=\"http:\/\/lautloseflucht-derfilm.de\/wp\/wp-content\/uploads\/2012\/12\/Plakat_2015.jpg\" alt=\"\" width=\"1134\" height=\"984\" srcset=\"http:\/\/lautloseflucht-derfilm.de\/wp\/wp-content\/uploads\/2012\/12\/Plakat_2015.jpg 1134w, http:\/\/lautloseflucht-derfilm.de\/wp\/wp-content\/uploads\/2012\/12\/Plakat_2015-400x347.jpg 400w, http:\/\/lautloseflucht-derfilm.de\/wp\/wp-content\/uploads\/2012\/12\/Plakat_2015-768x666.jpg 768w, http:\/\/lautloseflucht-derfilm.de\/wp\/wp-content\/uploads\/2012\/12\/Plakat_2015-800x694.jpg 800w\" sizes=\"auto, (max-width: 1134px) 100vw, 1134px\" \/><\/a><\/td>\n<\/tr>\n<tr>\n<td style=\"text-align: left;\">\u00a0\u00a0<span style=\"font-size: 12pt;\"><span style=\"color: #999999;\"><span class=\"fsl\" style=\"color: #ffffff; font-family: arial,helvetica,sans-serif; font-size: 10pt;\">Hallo liebe Kulturfreunde, Kinofans, Freunde und &#8230;&#8230;.<br \/>\nalle sind herzlich eingeladen sich unseren neuen Film &#8222;Lautlose Flucht&#8220; anzusehen. Er wurde zwar von einem fast geh\u00f6rlosen Team gedreht, richtet sich aber vor allem an unsere h\u00f6renden\u00a0\u00a0\u00a0\u00a0 Mitmenschen. Ich hoffe, dass sich h\u00f6rende Zuschauer in unsere Welt und die Vorstellung der letzte geh\u00f6rlose Mensch auf der Welt zu sein, hineindenken k\u00f6nnen. Mir wurde schon oft berichtet, dass es sehr schwer ist, sich vorzustellen nichts zu h\u00f6ren. Gerade aus diesem Grund hoffe ich, dass viele den Mut und vor allem Interesse daran finden, sich den Film anzuschauen und sich ein Bild von unserer I<span class=\"text_exposed_show\">dee zu machen.Der Film soll einen Denkansto\u00df an die h\u00f6rende und geh\u00f6rlose Welt da drau\u00dfen sein.Wie sagt man so sch\u00f6n: \u201eWas w\u00e4re, wenn&#8230;?\u201c Er soll H\u00f6rende aufkl\u00e4ren und Geh\u00f6rlose inspirieren.Ihr k\u00f6nnt eure Freunde, Bekannten Verwandten usw&#8230;. weitersagen, und alle zum Kino mitkommen.Dieser Film ist mit Geb\u00e4rdensprache, Untertiteln, Ton und mit sch\u00f6nen Musik versehen.Nach dem Kino k\u00f6nnen wir auf Foyer weiter unterhalten &#8211; Autogrammstunde mit Schauspielern -Wir w\u00fcnschen euch einen sch\u00f6nen spannenden Kinotag.<\/span><\/span><\/span><\/span><\/td>\n<\/tr>\n<\/tbody>\n<\/table>\n<p><\/p>\n<div class=\"facebook-like\"><fb:like layout=\"standard\" show_faces=\"true\" href=\"http:\/\/lautloseflucht-derfilm.de\/wp\/kinotour\/18-11-2017-muenchen\/\"><\/fb:like><\/div>","protected":false},"excerpt":{"rendered":"<p>\u00b4LAUTLOSE FLUCHT Dramafilm (Deutschland 2013) Gro\u00dfer Erfolg bei der Kino-Premiere meines Dramafilms \u201cLAUTLOSE FLUCHT -the last deaf-\u201d.Filmdauer 130 Min. Sprache: Deutsch, Deutsche Geb\u00e4rdensprache, mit Tonfassung,Musik und Untertitel Deutsch M\u00fcnchen 18.11.2017 KINO Neues Rottmann\u00a0\u00a0\u00a0\u00a0 Rottmannstr. 15\u00a0\u00a0\u00a0\u00a0\u00a0\u00a0\u00a0 80333 M\u00fcnchen http:\/\/web.neuesrottmann.de\/ \u00a0 \u00a0\u00a0\u00a0\u00a0\u00a0\u00a0 [&hellip;] <a class=\"more-link\" href=\"http:\/\/lautloseflucht-derfilm.de\/wp\/kinotour\/18-11-2017-muenchen\/\">Kompletten Beitrag lesen&#8230;<\/a><\/p>\n","protected":false},"author":1,"featured_media":0,"parent":6502,"menu_order":3,"comment_status":"closed","ping_status":"closed","template":"","meta":{"footnotes":""},"class_list":["post-11686","page","type-page","status-publish","hentry","uentry","postonpage-1","odd","post-author-web193"],"_links":{"self":[{"href":"http:\/\/lautloseflucht-derfilm.de\/wp\/wp-json\/wp\/v2\/pages\/11686","targetHints":{"allow":["GET"]}}],"collection":[{"href":"http:\/\/lautloseflucht-derfilm.de\/wp\/wp-json\/wp\/v2\/pages"}],"about":[{"href":"http:\/\/lautloseflucht-derfilm.de\/wp\/wp-json\/wp\/v2\/types\/page"}],"author":[{"embeddable":true,"href":"http:\/\/lautloseflucht-derfilm.de\/wp\/wp-json\/wp\/v2\/users\/1"}],"replies":[{"embeddable":true,"href":"http:\/\/lautloseflucht-derfilm.de\/wp\/wp-json\/wp\/v2\/comments?post=11686"}],"version-history":[{"count":78,"href":"http:\/\/lautloseflucht-derfilm.de\/wp\/wp-json\/wp\/v2\/pages\/11686\/revisions"}],"predecessor-version":[{"id":12047,"href":"http:\/\/lautloseflucht-derfilm.de\/wp\/wp-json\/wp\/v2\/pages\/11686\/revisions\/12047"}],"up":[{"embeddable":true,"href":"http:\/\/lautloseflucht-derfilm.de\/wp\/wp-json\/wp\/v2\/pages\/6502"}],"wp:attachment":[{"href":"http:\/\/lautloseflucht-derfilm.de\/wp\/wp-json\/wp\/v2\/media?parent=11686"}],"curies":[{"name":"wp","href":"https:\/\/api.w.org\/{rel}","templated":true}]}}