{"id":1149,"date":"2013-01-15T22:38:43","date_gmt":"2013-01-15T20:38:43","guid":{"rendered":"http:\/\/lautloseflucht-derfilm.de\/wp\/?page_id=1149"},"modified":"2018-01-23T00:27:38","modified_gmt":"2018-01-22T22:27:38","slug":"hauptdarsteller","status":"publish","type":"page","link":"http:\/\/lautloseflucht-derfilm.de\/wp\/filmcrew\/hauptdarsteller\/","title":{"rendered":"Hauptdarsteller"},"content":{"rendered":"<table class=\"wp-caption\" style=\"width: 735px; height: 1299px;\" border=\"0\">\n<tbody>\n<tr>\n<td>\n<p><div id=\"attachment_289\" style=\"width: 160px\" class=\"wp-caption aligncenter\"><img loading=\"lazy\" decoding=\"async\" aria-describedby=\"caption-attachment-289\" class=\"size-thumbnail wp-image-289 \" src=\"http:\/\/lautloseflucht-derfilm.de\/wp\/wp-content\/uploads\/2012\/12\/Reiner-Mertz-150x150.jpg\" alt=\"Reiner Mertz als Ray\" width=\"150\" height=\"150\" \/><p id=\"caption-attachment-289\" class=\"wp-caption-text\"><span style=\"color: #808080;\">Reiner Mertz<\/span><br \/><span style=\"color: #808080;\">als Ray<\/span><\/p><\/div><\/td>\n<td style=\"text-align: justify;\">\n<h4><span style=\"color: #000000;\">\u00a0<\/span>Schauspieler\/\u00a0Regisseur Reiner Mertz<\/h4>\n<p>Filmproduzent\u00a0 Reiner Mertz, 1950 in S\u00fcssen bei Stuttgart geboren, jetzt wohnhaft in Frankfurt am Main.<span style=\"font-family: Arial,Helvetica,sans-serif;\">Die Premiere seines ersten Filmes \u201cThe last Deaf\u201c war bei den Kulturtagen 2001\u00a0 in M\u00fcnchen ein gro\u00dfer Erfolg. Dieser Film gilt inzwischen unter Geh\u00f6rlosen als Kultfilm.\u00a0 Ein Dokumentarfilm aus der Serie \u201cMenschen unter \u00a0uns\u201c des Filmverleihs Buteo, Frankfurt, wurde 1991 unter dem Titel \u201cArt Life \u2013 Home Story Reiner Mertz\u201c in der Sendereihe \u201cSehen\u00a0\u00a0 statt H\u00f6ren\u201c der meisten dritten Fernseh-Programme ausge-strahlt (BR \/ HR \/ MDR \/ SWF \/ NDR). <\/span>Er hat das Filmteam Mainhattan im Jahre 2001 gegr\u00fcndet. Nach dem 1. Kurzfilm-Erfolg machte er dann mit den Film der 2. Teil mit gro\u00dfen Motivation weiter,\u00a0 diesmal in l\u00e4ngeren Spielfilml\u00e4nge. Er schrieb das Drehbuch, organisiert alles mit seiner Co-Produzentin Magdalene Mertz.<br \/>\nBei den Dreharbeiten ist er der Regisseur, spielt in dieser Film als Hauptdarsteller.<\/p>\n<p>&#8230; mehr siehe<span style=\"font-size: small; color: #ff9900;\"> <a href=\"http:\/\/www.mertz-art.de\" target=\"_blank\" rel=\"noopener\"><span style=\"color: #ff9900;\">www.mertz-art.de<\/span><\/a><\/span><\/td>\n<td><\/td>\n<\/tr>\n<tr>\n<td colspan=\"3\"><span style=\"color: #000000;\">\u00a0\u00a0 ________________________________________________________________________<\/span><\/td>\n<\/tr>\n<tr>\n<td width=\"150\" height=\"150\">\n<p><div id=\"attachment_295\" style=\"width: 160px\" class=\"wp-caption aligncenter\"><img loading=\"lazy\" decoding=\"async\" aria-describedby=\"caption-attachment-295\" class=\"size-thumbnail wp-image-295 \" src=\"http:\/\/lautloseflucht-derfilm.de\/wp\/wp-content\/uploads\/2012\/12\/Sandy-Knispel-150x150.jpg\" alt=\"als Chiara\" width=\"150\" height=\"150\" \/><p id=\"caption-attachment-295\" class=\"wp-caption-text\"><span style=\"color: #808080;\">Sandy Knispel<\/span><br \/><span style=\"color: #808080;\">als Chiara<\/span><\/p><\/div><\/td>\n<td>\n<h4 style=\"text-align: center;\"><span style=\"color: #000000;\">\u00a0<\/span>Schauspielerin Sandy Knispel<\/h4>\n<p style=\"text-align: justify;\">Sandy Knispel, am 23. Mai 1977 in Halle\/Saale geboren. Seit meinem ersten Lebensjahr bin ich, verursacht durch eine Meningitis, geh\u00f6rlos.<br \/>\nW\u00e4hrend meiner Ausbildungszeit zog meine Familie nach Bielefeld. Nach der dreieinhalbj\u00e4hrigen (1994-1998) Ausbildung zur Zahntechnikerin bekam ich eine Arbeitsstelle in Berlin. 2000 zog ich nach N\u00fcrnberg und arbeitete dort bis 2008. Nebenbei spielte ich im Theater &#8222;Franken Deaf Show&#8220;. Wir hatten mehrere Auftritte. Auch modelte ich.<br \/>\n2003 wurde ich zur &#8222;Miss Deaf Germany&#8220; und\u00a0 2004 zur &#8222;Miss Vize Norisring&#8220;\u00a0 gew\u00e4hlt.Seit 2008 wohne ich wieder in Berlin.In dem neuen Film &#8222;Lautlose Flucht&#8220; von Reiner Mertz spiele ich die weibliche Hauptrolle Chiara.<\/p>\n<\/td>\n<td><\/td>\n<\/tr>\n<tr>\n<td colspan=\"3\"><span style=\"color: #000000;\">\u00a0\u00a0\u00a0_______________________________________________________________________<\/span><\/td>\n<\/tr>\n<tr>\n<td>\n<p><div id=\"attachment_1078\" style=\"width: 160px\" class=\"wp-caption aligncenter\"><img loading=\"lazy\" decoding=\"async\" aria-describedby=\"caption-attachment-1078\" class=\"size-thumbnail wp-image-1078\" src=\"http:\/\/lautloseflucht-derfilm.de\/wp\/wp-content\/uploads\/2012\/12\/Juergen-Endress1-150x150.jpg\" alt=\"Juergen Endress\" width=\"150\" height=\"150\" \/><p id=\"caption-attachment-1078\" class=\"wp-caption-text\"><span style=\"color: #808080;\">Juergen Endress<\/span><br \/><span style=\"color: #808080;\">als Massimo<\/span><\/p><\/div><\/td>\n<td>\n<h4 style=\"text-align: center;\">Schauspieler Juergen Endress<\/h4>\n<p style=\"text-align: center;\"><span style=\"color: #ff9900;\"><a href=\"http:\/\/www.juergen-endress.de\/\"><span style=\"color: #ff9900;\">http:\/\/www.juergen-endress.de<\/span><\/a><\/span><\/p>\n<\/td>\n<td><span style=\"color: #000000;\">\u00a0<\/span><\/td>\n<\/tr>\n<tr>\n<td colspan=\"3\"><span style=\"color: #000000;\">\u00a0\u00a0\u00a0________________________________________________________________________<\/span><\/td>\n<\/tr>\n<tr>\n<td>\n<p><div id=\"attachment_723\" style=\"width: 160px\" class=\"wp-caption aligncenter\"><img loading=\"lazy\" decoding=\"async\" aria-describedby=\"caption-attachment-723\" class=\"size-thumbnail wp-image-723\" src=\"http:\/\/lautloseflucht-derfilm.de\/wp\/wp-content\/uploads\/2012\/12\/Koos-de-Ligt-150x150.jpg\" alt=\"Koos de Ligtals Dr.Miller\" width=\"150\" height=\"150\" srcset=\"http:\/\/lautloseflucht-derfilm.de\/wp\/wp-content\/uploads\/2012\/12\/Koos-de-Ligt-150x150.jpg 150w, http:\/\/lautloseflucht-derfilm.de\/wp\/wp-content\/uploads\/2012\/12\/Koos-de-Ligt.jpg 227w\" sizes=\"auto, (max-width: 150px) 100vw, 150px\" \/><p id=\"caption-attachment-723\" class=\"wp-caption-text\"><span style=\"color: #808080;\">Koos de Ligt<\/span><br \/><span style=\"color: #808080;\">als Dr.Miller<\/span><\/p><\/div><\/td>\n<td>\n<h4 style=\"text-align: center;\">Schauspieler Koos de Ligt<\/h4>\n<p style=\"text-align: justify;\">Koos de Ligt, geboren am 17. August 1934 in Holland. Durch Gehirnhautentz\u00fcndung im Alter von 2 1\/2 Jahren verlor ich das Geh\u00f6r. Besuchte die Geh\u00f6rlosenschule in Rotterdam. Gelernt Holzbildhauer f\u00fcr M\u00f6bel. Besuchte dann 6 Jahre die Akademie f\u00fcr bildene Kunst . Im Sommer 1958 ging ich nach Frankfurt und lebte seitdem hier. War 27 Jahre Schauspieler beim Deutschen Geh\u00f6rlosen-Theater. Davon langj\u00e4hrig als Regie-Assistent und zuletzt als Regisseur. In der Freizeit widme ich der Malerei und Tonmodelieren.<\/p>\n<\/td>\n<td><\/td>\n<\/tr>\n<\/tbody>\n<\/table>\n<p>&nbsp;<\/p>\n<div class=\"facebook-like\"><fb:like layout=\"standard\" show_faces=\"true\" href=\"http:\/\/lautloseflucht-derfilm.de\/wp\/filmcrew\/hauptdarsteller\/\"><\/fb:like><\/div>","protected":false},"excerpt":{"rendered":"<p>\u00a0Schauspieler\/\u00a0Regisseur Reiner Mertz Filmproduzent\u00a0 Reiner Mertz, 1950 in S\u00fcssen bei Stuttgart geboren, jetzt wohnhaft in Frankfurt am Main.Die Premiere seines ersten Filmes \u201cThe last Deaf\u201c war bei den Kulturtagen 2001\u00a0 in M\u00fcnchen ein gro\u00dfer Erfolg. Dieser Film gilt inzwischen unter [&hellip;] <a class=\"more-link\" href=\"http:\/\/lautloseflucht-derfilm.de\/wp\/filmcrew\/hauptdarsteller\/\">Kompletten Beitrag lesen&#8230;<\/a><\/p>\n","protected":false},"author":1,"featured_media":0,"parent":1473,"menu_order":1,"comment_status":"closed","ping_status":"closed","template":"","meta":{"footnotes":""},"class_list":["post-1149","page","type-page","status-publish","hentry","uentry","postonpage-1","odd","post-author-web193"],"_links":{"self":[{"href":"http:\/\/lautloseflucht-derfilm.de\/wp\/wp-json\/wp\/v2\/pages\/1149","targetHints":{"allow":["GET"]}}],"collection":[{"href":"http:\/\/lautloseflucht-derfilm.de\/wp\/wp-json\/wp\/v2\/pages"}],"about":[{"href":"http:\/\/lautloseflucht-derfilm.de\/wp\/wp-json\/wp\/v2\/types\/page"}],"author":[{"embeddable":true,"href":"http:\/\/lautloseflucht-derfilm.de\/wp\/wp-json\/wp\/v2\/users\/1"}],"replies":[{"embeddable":true,"href":"http:\/\/lautloseflucht-derfilm.de\/wp\/wp-json\/wp\/v2\/comments?post=1149"}],"version-history":[{"count":187,"href":"http:\/\/lautloseflucht-derfilm.de\/wp\/wp-json\/wp\/v2\/pages\/1149\/revisions"}],"predecessor-version":[{"id":1467,"href":"http:\/\/lautloseflucht-derfilm.de\/wp\/wp-json\/wp\/v2\/pages\/1149\/revisions\/1467"}],"up":[{"embeddable":true,"href":"http:\/\/lautloseflucht-derfilm.de\/wp\/wp-json\/wp\/v2\/pages\/1473"}],"wp:attachment":[{"href":"http:\/\/lautloseflucht-derfilm.de\/wp\/wp-json\/wp\/v2\/media?parent=1149"}],"curies":[{"name":"wp","href":"https:\/\/api.w.org\/{rel}","templated":true}]}}